{"id":9364,"date":"2024-11-14T16:06:33","date_gmt":"2024-11-14T08:06:33","guid":{"rendered":"https:\/\/qqpets.com\/?post_type=product&#038;p=9364"},"modified":"2024-11-14T16:06:33","modified_gmt":"2024-11-14T08:06:33","slug":"pin-buckle-collar","status":"publish","type":"product","link":"https:\/\/qqpets.com\/sl\/izdelek\/pin-buckle-collar\/","title":{"rendered":"Ovratnica z zaponko Pin Buckle"},"content":{"rendered":"<p>Ovratnica z zaponko Pin Buckle zdru\u017euje klasi\u010dno obliko in odli\u010dno funkcionalnost, zato je odli\u010dna izbira za blagovne znamke, ki \u017eelijo ponuditi vsestransko in prilagodljivo ovratnico. Ta ovratnica je izdelana tako, da zdr\u017ei vsakodnevno no\u0161enje, in ima visoko trdno kovinsko zaponko, ki zagotavlja varno prileganje, ki ga je mogo\u010de enostavno prilagoditi. Robustno konstrukcijo dopolnjujejo materiali, namenjeni udobju, ki prepre\u010dujejo dra\u017eenje, zato je primerna za pse vseh pasem in velikosti.<\/p>\n<p>Klju\u010dna prednost tega ovratnika za stranke B2B je njegova popolna prilagodljivost. Blagovne znamke lahko dodajo logotipe, vzorce in barvne sheme ter tako odra\u017eajo svojo edinstveno identiteto in izstopajo na trgu dodatkov za hi\u0161ne ljubljen\u010dke. Ovratnica z zaponko je idealna za podjetja, ki \u017eelijo zdru\u017eiti prakti\u010dnost in prepoznavnost blagovne znamke ter vsakdanji izdelek za hi\u0161ne ljubljen\u010dke spremeniti v izrazit kos.<\/p>\n<p>Ta ovratnica je s svojo vzdr\u017eljivostjo, preprosto uporabo in visoko stopnjo prilagajanja dragocen dodatek k zbirki vseh blagovnih znamk hi\u0161nih ljubljen\u010dkov. Ovratnica z zaponko je zasnovana tako, da bo s svojo kakovostjo in slogom navdu\u0161ila tako pse kot njihove lastnike, ne glede na to, ali se uporablja za sprehode, usposabljanje ali prilo\u017enostno no\u0161enje.<\/p>","protected":false},"excerpt":{"rendered":"<p>Na\u0161a ovratnica z zaponko je izdelana za vzdr\u017eljivost in udobje ter ima robustno kovinsko zaponko, ki se zlahka in zanesljivo zapenja. Ta ovratnica je v celoti prilagodljiva, tako da lahko stranke B2B dodajo edinstvene logotipe ali vzorce, ki so skladni z njihovo blagovno znamko. Izdelana je iz visokokakovostnih materialov in je idealna za vsakodnevno uporabo, saj zagotavlja funkcionalnost in slog za pse vseh velikosti. Ta ovratnica je kot nala\u0161\u010d za blagovne znamke hi\u0161nih ljubljen\u010dkov, ki \u017eelijo svojim strankam ponuditi elegantno, vzdr\u017eljivo in blagovno znamko, ki je enostavna za uporabo in dolgotrajna.<\/p>\n<p>&nbsp;<\/p>","protected":false},"featured_media":9365,"template":"","meta":[],"product_brand":[],"product_cat":[26],"product_tag":[],"class_list":{"0":"post-9364","1":"product","2":"type-product","3":"status-publish","4":"has-post-thumbnail","6":"product_cat-dog-collar","8":"first","9":"instock","10":"shipping-taxable","11":"product-type-simple"},"yoast_head":"<!-- This site is optimized with the Yoast SEO plugin v26.6 - https:\/\/yoast.com\/wordpress\/plugins\/seo\/ -->\n<title>Pin Buckle Collar | QQPETS<\/title>\n<meta name=\"description\" content=\"Sturdy and stylish Pin Buckle Collar, designed for durability and comfort. Fully customizable with logos or patterns, ideal for brands seeking unique pet products.\" \/>\n<meta name=\"robots\" content=\"index, follow, max-snippet:-1, max-image-preview:large, max-video-preview:-1\" \/>\n<link rel=\"canonical\" href=\"https:\/\/qqpets.com\/sl\/izdelek\/pin-buckle-collar\/\" \/>\n<meta property=\"og:locale\" content=\"sl_SI\" \/>\n<meta property=\"og:type\" content=\"article\" \/>\n<meta property=\"og:title\" content=\"Pin Buckle Collar | QQPETS\" \/>\n<meta property=\"og:description\" content=\"Sturdy and stylish Pin Buckle Collar, designed for durability and comfort. Fully customizable with logos or patterns, ideal for brands seeking unique pet products.\" \/>\n<meta property=\"og:url\" content=\"https:\/\/qqpets.com\/sl\/izdelek\/pin-buckle-collar\/\" \/>\n<meta property=\"og:site_name\" content=\"QQPETS\" \/>\n<meta property=\"article:publisher\" content=\"https:\/\/www.facebook.com\/QQpetsdogcollars\" \/>\n<meta property=\"og:image\" content=\"https:\/\/qqpets.com\/wp-content\/uploads\/2024\/11\/Pin-Buckle-Collar1.webp\" \/>\n\t<meta property=\"og:image:width\" content=\"800\" \/>\n\t<meta property=\"og:image:height\" content=\"800\" \/>\n\t<meta property=\"og:image:type\" content=\"image\/webp\" \/>\n<meta name=\"twitter:card\" content=\"summary_large_image\" \/>\n<meta name=\"twitter:label1\" content=\"Est. reading time\" \/>\n\t<meta name=\"twitter:data1\" content=\"1 minuta\" \/>\n<script type=\"application\/ld+json\" class=\"yoast-schema-graph\">{\"@context\":\"https:\/\/schema.org\",\"@graph\":[{\"@type\":\"WebPage\",\"@id\":\"https:\/\/qqpets.com\/product\/pin-buckle-collar\/\",\"url\":\"https:\/\/qqpets.com\/product\/pin-buckle-collar\/\",\"name\":\"Pin Buckle Collar | QQPETS\",\"isPartOf\":{\"@id\":\"https:\/\/qqpets.com\/#website\"},\"primaryImageOfPage\":{\"@id\":\"https:\/\/qqpets.com\/product\/pin-buckle-collar\/#primaryimage\"},\"image\":{\"@id\":\"https:\/\/qqpets.com\/product\/pin-buckle-collar\/#primaryimage\"},\"thumbnailUrl\":\"https:\/\/qqpets.com\/wp-content\/uploads\/2024\/11\/Pin-Buckle-Collar1.webp\",\"datePublished\":\"2024-11-14T08:06:33+00:00\",\"description\":\"Sturdy and stylish Pin Buckle Collar, designed for durability and comfort. Fully customizable with logos or patterns, ideal for brands seeking unique pet products.\",\"breadcrumb\":{\"@id\":\"https:\/\/qqpets.com\/product\/pin-buckle-collar\/#breadcrumb\"},\"inLanguage\":\"sl-SI\",\"potentialAction\":[{\"@type\":\"ReadAction\",\"target\":[\"https:\/\/qqpets.com\/product\/pin-buckle-collar\/\"]}]},{\"@type\":\"ImageObject\",\"inLanguage\":\"sl-SI\",\"@id\":\"https:\/\/qqpets.com\/product\/pin-buckle-collar\/#primaryimage\",\"url\":\"https:\/\/qqpets.com\/wp-content\/uploads\/2024\/11\/Pin-Buckle-Collar1.webp\",\"contentUrl\":\"https:\/\/qqpets.com\/wp-content\/uploads\/2024\/11\/Pin-Buckle-Collar1.webp\",\"width\":800,\"height\":800},{\"@type\":\"BreadcrumbList\",\"@id\":\"https:\/\/qqpets.com\/product\/pin-buckle-collar\/#breadcrumb\",\"itemListElement\":[{\"@type\":\"ListItem\",\"position\":1,\"name\":\"Home\",\"item\":\"https:\/\/qqpets.com\/\"},{\"@type\":\"ListItem\",\"position\":2,\"name\":\"Products\",\"item\":\"https:\/\/qqpets.com\/pet-products-manufacturer\/\"},{\"@type\":\"ListItem\",\"position\":3,\"name\":\"Pin Buckle Collar\"}]},{\"@type\":\"WebSite\",\"@id\":\"https:\/\/qqpets.com\/#website\",\"url\":\"https:\/\/qqpets.com\/\",\"name\":\"QQPETS\",\"description\":\"QQPETS is a pet products factory for dog harnesses, dog collars, dog leashes and dog accessories with professional customized service since 2005.\",\"publisher\":{\"@id\":\"https:\/\/qqpets.com\/#organization\"},\"potentialAction\":[{\"@type\":\"SearchAction\",\"target\":{\"@type\":\"EntryPoint\",\"urlTemplate\":\"https:\/\/qqpets.com\/?s={search_term_string}\"},\"query-input\":{\"@type\":\"PropertyValueSpecification\",\"valueRequired\":true,\"valueName\":\"search_term_string\"}}],\"inLanguage\":\"sl-SI\"},{\"@type\":\"Organization\",\"@id\":\"https:\/\/qqpets.com\/#organization\",\"name\":\"QQPETS\",\"url\":\"https:\/\/qqpets.com\/\",\"logo\":{\"@type\":\"ImageObject\",\"inLanguage\":\"sl-SI\",\"@id\":\"https:\/\/qqpets.com\/#\/schema\/logo\/image\/\",\"url\":\"https:\/\/qqpets.com\/wp-content\/uploads\/2023\/09\/cropped-cropped-qqpets-tiktok.jpg\",\"contentUrl\":\"https:\/\/qqpets.com\/wp-content\/uploads\/2023\/09\/cropped-cropped-qqpets-tiktok.jpg\",\"width\":511,\"height\":511,\"caption\":\"QQPETS\"},\"image\":{\"@id\":\"https:\/\/qqpets.com\/#\/schema\/logo\/image\/\"},\"sameAs\":[\"https:\/\/www.facebook.com\/QQpetsdogcollars\",\"https:\/\/www.instagram.com\/qqpetscollar\/\",\"https:\/\/www.pinterest.com\/qqpetsdogcollarsfactory\/\"]}]}<\/script>\n<!-- \/ Yoast SEO plugin. -->","yoast_head_json":{"title":"Ovratnica z zaponko | QQPETS","description":"Robustna in elegantna ovratnica z zaponko, zasnovana za vzdr\u017eljivost in udobje. Popolnoma prilagodljiva z logotipi ali vzorci, idealna za blagovne znamke, ki i\u0161\u010dejo edinstvene izdelke za hi\u0161ne ljubljen\u010dke.","robots":{"index":"index","follow":"follow","max-snippet":"max-snippet:-1","max-image-preview":"max-image-preview:large","max-video-preview":"max-video-preview:-1"},"canonical":"https:\/\/qqpets.com\/sl\/izdelek\/pin-buckle-collar\/","og_locale":"sl_SI","og_type":"article","og_title":"Pin Buckle Collar | QQPETS","og_description":"Sturdy and stylish Pin Buckle Collar, designed for durability and comfort. Fully customizable with logos or patterns, ideal for brands seeking unique pet products.","og_url":"https:\/\/qqpets.com\/sl\/izdelek\/pin-buckle-collar\/","og_site_name":"QQPETS","article_publisher":"https:\/\/www.facebook.com\/QQpetsdogcollars","og_image":[{"width":800,"height":800,"url":"https:\/\/qqpets.com\/wp-content\/uploads\/2024\/11\/Pin-Buckle-Collar1.webp","type":"image\/webp"}],"twitter_card":"summary_large_image","twitter_misc":{"Est. reading time":"1 minuta"},"schema":{"@context":"https:\/\/schema.org","@graph":[{"@type":"WebPage","@id":"https:\/\/qqpets.com\/product\/pin-buckle-collar\/","url":"https:\/\/qqpets.com\/product\/pin-buckle-collar\/","name":"Ovratnica z zaponko | QQPETS","isPartOf":{"@id":"https:\/\/qqpets.com\/#website"},"primaryImageOfPage":{"@id":"https:\/\/qqpets.com\/product\/pin-buckle-collar\/#primaryimage"},"image":{"@id":"https:\/\/qqpets.com\/product\/pin-buckle-collar\/#primaryimage"},"thumbnailUrl":"https:\/\/qqpets.com\/wp-content\/uploads\/2024\/11\/Pin-Buckle-Collar1.webp","datePublished":"2024-11-14T08:06:33+00:00","description":"Robustna in elegantna ovratnica z zaponko, zasnovana za vzdr\u017eljivost in udobje. Popolnoma prilagodljiva z logotipi ali vzorci, idealna za blagovne znamke, ki i\u0161\u010dejo edinstvene izdelke za hi\u0161ne ljubljen\u010dke.","breadcrumb":{"@id":"https:\/\/qqpets.com\/product\/pin-buckle-collar\/#breadcrumb"},"inLanguage":"sl-SI","potentialAction":[{"@type":"ReadAction","target":["https:\/\/qqpets.com\/product\/pin-buckle-collar\/"]}]},{"@type":"ImageObject","inLanguage":"sl-SI","@id":"https:\/\/qqpets.com\/product\/pin-buckle-collar\/#primaryimage","url":"https:\/\/qqpets.com\/wp-content\/uploads\/2024\/11\/Pin-Buckle-Collar1.webp","contentUrl":"https:\/\/qqpets.com\/wp-content\/uploads\/2024\/11\/Pin-Buckle-Collar1.webp","width":800,"height":800},{"@type":"BreadcrumbList","@id":"https:\/\/qqpets.com\/product\/pin-buckle-collar\/#breadcrumb","itemListElement":[{"@type":"ListItem","position":1,"name":"Home","item":"https:\/\/qqpets.com\/"},{"@type":"ListItem","position":2,"name":"Products","item":"https:\/\/qqpets.com\/pet-products-manufacturer\/"},{"@type":"ListItem","position":3,"name":"Pin Buckle Collar"}]},{"@type":"WebSite","@id":"https:\/\/qqpets.com\/#website","url":"https:\/\/qqpets.com\/","name":"QQPETS","description":"QQPETS je tovarna izdelkov za hi\u0161ne ljubljen\u010dke za pasje postroje, pasje ovratnice, pasje povodce in pasje dodatke s strokovno prilagojeno storitvijo od leta 2005.","publisher":{"@id":"https:\/\/qqpets.com\/#organization"},"potentialAction":[{"@type":"SearchAction","target":{"@type":"EntryPoint","urlTemplate":"https:\/\/qqpets.com\/?s={search_term_string}"},"query-input":{"@type":"PropertyValueSpecification","valueRequired":true,"valueName":"search_term_string"}}],"inLanguage":"sl-SI"},{"@type":"Organization","@id":"https:\/\/qqpets.com\/#organization","name":"QQPETS","url":"https:\/\/qqpets.com\/","logo":{"@type":"ImageObject","inLanguage":"sl-SI","@id":"https:\/\/qqpets.com\/#\/schema\/logo\/image\/","url":"https:\/\/qqpets.com\/wp-content\/uploads\/2023\/09\/cropped-cropped-qqpets-tiktok.jpg","contentUrl":"https:\/\/qqpets.com\/wp-content\/uploads\/2023\/09\/cropped-cropped-qqpets-tiktok.jpg","width":511,"height":511,"caption":"QQPETS"},"image":{"@id":"https:\/\/qqpets.com\/#\/schema\/logo\/image\/"},"sameAs":["https:\/\/www.facebook.com\/QQpetsdogcollars","https:\/\/www.instagram.com\/qqpetscollar\/","https:\/\/www.pinterest.com\/qqpetsdogcollarsfactory\/"]}]}},"_links":{"self":[{"href":"https:\/\/qqpets.com\/sl\/wp-json\/wp\/v2\/product\/9364","targetHints":{"allow":["GET"]}}],"collection":[{"href":"https:\/\/qqpets.com\/sl\/wp-json\/wp\/v2\/product"}],"about":[{"href":"https:\/\/qqpets.com\/sl\/wp-json\/wp\/v2\/types\/product"}],"wp:featuredmedia":[{"embeddable":true,"href":"https:\/\/qqpets.com\/sl\/wp-json\/wp\/v2\/media\/9365"}],"wp:attachment":[{"href":"https:\/\/qqpets.com\/sl\/wp-json\/wp\/v2\/media?parent=9364"}],"wp:term":[{"taxonomy":"product_brand","embeddable":true,"href":"https:\/\/qqpets.com\/sl\/wp-json\/wp\/v2\/product_brand?post=9364"},{"taxonomy":"product_cat","embeddable":true,"href":"https:\/\/qqpets.com\/sl\/wp-json\/wp\/v2\/product_cat?post=9364"},{"taxonomy":"product_tag","embeddable":true,"href":"https:\/\/qqpets.com\/sl\/wp-json\/wp\/v2\/product_tag?post=9364"}],"curies":[{"name":"wp","href":"https:\/\/api.w.org\/{rel}","templated":true}]}}