{"id":9371,"date":"2024-11-14T16:30:26","date_gmt":"2024-11-14T08:30:26","guid":{"rendered":"https:\/\/qqpets.com\/?post_type=product&#038;p=9371"},"modified":"2024-11-14T16:30:26","modified_gmt":"2024-11-14T08:30:26","slug":"qr-tag-cat-collar","status":"publish","type":"product","link":"https:\/\/qqpets.com\/sl\/izdelek\/qr-tag-cat-collar\/","title":{"rendered":"QR Tag Cat ovratnica"},"content":{"rendered":"<p>Ovratnica QR Tag Cat je vrhunska kombinacija sloga, varnosti in inovacij, zasnovana za izpolnjevanje zahtev sodobnega lastni\u0161tva hi\u0161nih ljubljen\u010dkov. Ta ovratnica z vgrajeno oznako QR omogo\u010da hiter in enostaven dostop do identifikacijske oznake, kontaktnih podatkov ali zdravstvenih podatkov hi\u0161nega ljubljen\u010dka, ko je skenirana, in tako zagotavlja vi\u0161jo raven varnosti, ki jo lastniki ma\u010dk cenijo.<\/p>\n<p>Za stranke B2B je ovratnica QR Tag Cat Collar prilagodljiva mo\u017enost, ki jo je mogo\u010de prilagoditi tako, da ustreza identiteti katere koli blagovne znamke. Podjetja lahko ustvarijo ovratnico, ki ne le pove\u010duje varnost hi\u0161nih ljubljen\u010dkov, temve\u010d tudi spodbuja prepoznavnost blagovne znamke, od logotipov do zna\u010dilnih vzorcev. Ta ovratnica je izdelana iz mehkih, a trpe\u017enih materialov in zagotavlja udobje za ma\u010dke vseh pasem in velikosti, hkrati pa ohranja trdnost, potrebno za vsakodnevno no\u0161enje.<\/p>\n<p>Poleg funkcionalnosti je ovratnica za ma\u010dke z oznako QR dragocena prilo\u017enost za znam\u010denje, saj prakti\u010den pripomo\u010dek spremeni v vizualno privla\u010den izdelek, ki govori o prednostnih nalogah lastnikov hi\u0161nih ljubljen\u010dkov. Je idealna izbira za blagovne znamke hi\u0161nih ljubljen\u010dkov, ki \u017eelijo zdru\u017eiti varnost, udobje in slog ter zagotoviti zanesljivo in inovativno ovratnico, ki pomaga graditi zaupanje in zvestobo strank.<\/p>","protected":false},"excerpt":{"rendered":"<p>Na\u0161a ovratnica QR Tag Cat Collar ponuja sodoben preobrat pri varnosti in identifikaciji hi\u0161nih ljubljen\u010dkov. Ta ovratnica z vgrajeno oznako QR omogo\u010da hiter dostop do podatkov o hi\u0161nem ljubljen\u010dku, ko je skenirana, kar lastnikom ma\u010dk zagotavlja miren spanec. Ovratnica je idealna za stranke B2B, saj jo je mogo\u010de v celoti prilagoditi z logotipi ali vzorci, kar ustreza estetskim in varnostnim standardom katere koli blagovne znamke. Oblikovana za udobje in izdelana iz trpe\u017enih materialov je idealna tako za aktivne ma\u010dke kot za blagovne znamke hi\u0161nih ljubljen\u010dkov, ki se zavedajo sloga, saj z enim elegantnim dodatkom pove\u010duje varnost in prepoznavnost blagovne znamke.<\/p>\n<p>&nbsp;<\/p>","protected":false},"featured_media":9372,"template":"","meta":[],"product_brand":[],"product_cat":[26],"product_tag":[],"class_list":{"0":"post-9371","1":"product","2":"type-product","3":"status-publish","4":"has-post-thumbnail","6":"product_cat-dog-collar","8":"first","9":"instock","10":"shipping-taxable","11":"product-type-simple"},"yoast_head":"<!-- This site is optimized with the Yoast SEO plugin v26.6 - https:\/\/yoast.com\/wordpress\/plugins\/seo\/ -->\n<title>QR Tag Cat Collar | QQPETS<\/title>\n<meta name=\"description\" content=\"QR Tag Cat Collar combines safety with customization. Easily scannable for pet info and fully customizable with logos or patterns\u2014perfect for B2B branding needs.\" \/>\n<meta name=\"robots\" content=\"index, follow, max-snippet:-1, max-image-preview:large, max-video-preview:-1\" \/>\n<link rel=\"canonical\" href=\"https:\/\/qqpets.com\/sl\/izdelek\/qr-tag-cat-collar\/\" \/>\n<meta property=\"og:locale\" content=\"sl_SI\" \/>\n<meta property=\"og:type\" content=\"article\" \/>\n<meta property=\"og:title\" content=\"QR Tag Cat Collar | QQPETS\" \/>\n<meta property=\"og:description\" content=\"QR Tag Cat Collar combines safety with customization. Easily scannable for pet info and fully customizable with logos or patterns\u2014perfect for B2B branding needs.\" \/>\n<meta property=\"og:url\" content=\"https:\/\/qqpets.com\/sl\/izdelek\/qr-tag-cat-collar\/\" \/>\n<meta property=\"og:site_name\" content=\"QQPETS\" \/>\n<meta property=\"article:publisher\" content=\"https:\/\/www.facebook.com\/QQpetsdogcollars\" \/>\n<meta property=\"og:image\" content=\"https:\/\/qqpets.com\/wp-content\/uploads\/2024\/11\/QR-Tag-Cat-Collar1.webp\" \/>\n\t<meta property=\"og:image:width\" content=\"1000\" \/>\n\t<meta property=\"og:image:height\" content=\"1000\" \/>\n\t<meta property=\"og:image:type\" content=\"image\/webp\" \/>\n<meta name=\"twitter:card\" content=\"summary_large_image\" \/>\n<meta name=\"twitter:label1\" content=\"Est. reading time\" \/>\n\t<meta name=\"twitter:data1\" content=\"1 minuta\" \/>\n<script type=\"application\/ld+json\" class=\"yoast-schema-graph\">{\"@context\":\"https:\/\/schema.org\",\"@graph\":[{\"@type\":\"WebPage\",\"@id\":\"https:\/\/qqpets.com\/product\/qr-tag-cat-collar\/\",\"url\":\"https:\/\/qqpets.com\/product\/qr-tag-cat-collar\/\",\"name\":\"QR Tag Cat Collar | QQPETS\",\"isPartOf\":{\"@id\":\"https:\/\/qqpets.com\/#website\"},\"primaryImageOfPage\":{\"@id\":\"https:\/\/qqpets.com\/product\/qr-tag-cat-collar\/#primaryimage\"},\"image\":{\"@id\":\"https:\/\/qqpets.com\/product\/qr-tag-cat-collar\/#primaryimage\"},\"thumbnailUrl\":\"https:\/\/qqpets.com\/wp-content\/uploads\/2024\/11\/QR-Tag-Cat-Collar1.webp\",\"datePublished\":\"2024-11-14T08:30:26+00:00\",\"description\":\"QR Tag Cat Collar combines safety with customization. Easily scannable for pet info and fully customizable with logos or patterns\u2014perfect for B2B branding needs.\",\"breadcrumb\":{\"@id\":\"https:\/\/qqpets.com\/product\/qr-tag-cat-collar\/#breadcrumb\"},\"inLanguage\":\"sl-SI\",\"potentialAction\":[{\"@type\":\"ReadAction\",\"target\":[\"https:\/\/qqpets.com\/product\/qr-tag-cat-collar\/\"]}]},{\"@type\":\"ImageObject\",\"inLanguage\":\"sl-SI\",\"@id\":\"https:\/\/qqpets.com\/product\/qr-tag-cat-collar\/#primaryimage\",\"url\":\"https:\/\/qqpets.com\/wp-content\/uploads\/2024\/11\/QR-Tag-Cat-Collar1.webp\",\"contentUrl\":\"https:\/\/qqpets.com\/wp-content\/uploads\/2024\/11\/QR-Tag-Cat-Collar1.webp\",\"width\":1000,\"height\":1000},{\"@type\":\"BreadcrumbList\",\"@id\":\"https:\/\/qqpets.com\/product\/qr-tag-cat-collar\/#breadcrumb\",\"itemListElement\":[{\"@type\":\"ListItem\",\"position\":1,\"name\":\"Home\",\"item\":\"https:\/\/qqpets.com\/\"},{\"@type\":\"ListItem\",\"position\":2,\"name\":\"Products\",\"item\":\"https:\/\/qqpets.com\/pet-products-manufacturer\/\"},{\"@type\":\"ListItem\",\"position\":3,\"name\":\"QR Tag Cat Collar\"}]},{\"@type\":\"WebSite\",\"@id\":\"https:\/\/qqpets.com\/#website\",\"url\":\"https:\/\/qqpets.com\/\",\"name\":\"QQPETS\",\"description\":\"QQPETS is a pet products factory for dog harnesses, dog collars, dog leashes and dog accessories with professional customized service since 2005.\",\"publisher\":{\"@id\":\"https:\/\/qqpets.com\/#organization\"},\"potentialAction\":[{\"@type\":\"SearchAction\",\"target\":{\"@type\":\"EntryPoint\",\"urlTemplate\":\"https:\/\/qqpets.com\/?s={search_term_string}\"},\"query-input\":{\"@type\":\"PropertyValueSpecification\",\"valueRequired\":true,\"valueName\":\"search_term_string\"}}],\"inLanguage\":\"sl-SI\"},{\"@type\":\"Organization\",\"@id\":\"https:\/\/qqpets.com\/#organization\",\"name\":\"QQPETS\",\"url\":\"https:\/\/qqpets.com\/\",\"logo\":{\"@type\":\"ImageObject\",\"inLanguage\":\"sl-SI\",\"@id\":\"https:\/\/qqpets.com\/#\/schema\/logo\/image\/\",\"url\":\"https:\/\/qqpets.com\/wp-content\/uploads\/2023\/09\/cropped-cropped-qqpets-tiktok.jpg\",\"contentUrl\":\"https:\/\/qqpets.com\/wp-content\/uploads\/2023\/09\/cropped-cropped-qqpets-tiktok.jpg\",\"width\":511,\"height\":511,\"caption\":\"QQPETS\"},\"image\":{\"@id\":\"https:\/\/qqpets.com\/#\/schema\/logo\/image\/\"},\"sameAs\":[\"https:\/\/www.facebook.com\/QQpetsdogcollars\",\"https:\/\/www.instagram.com\/qqpetscollar\/\",\"https:\/\/www.pinterest.com\/qqpetsdogcollarsfactory\/\"]}]}<\/script>\n<!-- \/ Yoast SEO plugin. -->","yoast_head_json":{"title":"Ovratnica za ma\u010dke QR Tag | QQPETS","description":"Ovratnica QR Tag Cat Collar zdru\u017euje varnost in prilagajanje. Enostavno jo je mogo\u010de skenirati za informacije o hi\u0161nih ljubljen\u010dkih in v celoti prilagoditi z logotipi ali vzorci - kot nala\u0161\u010d za potrebe blagovne znamke B2B.","robots":{"index":"index","follow":"follow","max-snippet":"max-snippet:-1","max-image-preview":"max-image-preview:large","max-video-preview":"max-video-preview:-1"},"canonical":"https:\/\/qqpets.com\/sl\/izdelek\/qr-tag-cat-collar\/","og_locale":"sl_SI","og_type":"article","og_title":"QR Tag Cat Collar | QQPETS","og_description":"QR Tag Cat Collar combines safety with customization. Easily scannable for pet info and fully customizable with logos or patterns\u2014perfect for B2B branding needs.","og_url":"https:\/\/qqpets.com\/sl\/izdelek\/qr-tag-cat-collar\/","og_site_name":"QQPETS","article_publisher":"https:\/\/www.facebook.com\/QQpetsdogcollars","og_image":[{"width":1000,"height":1000,"url":"https:\/\/qqpets.com\/wp-content\/uploads\/2024\/11\/QR-Tag-Cat-Collar1.webp","type":"image\/webp"}],"twitter_card":"summary_large_image","twitter_misc":{"Est. reading time":"1 minuta"},"schema":{"@context":"https:\/\/schema.org","@graph":[{"@type":"WebPage","@id":"https:\/\/qqpets.com\/product\/qr-tag-cat-collar\/","url":"https:\/\/qqpets.com\/product\/qr-tag-cat-collar\/","name":"Ovratnica za ma\u010dke QR Tag | QQPETS","isPartOf":{"@id":"https:\/\/qqpets.com\/#website"},"primaryImageOfPage":{"@id":"https:\/\/qqpets.com\/product\/qr-tag-cat-collar\/#primaryimage"},"image":{"@id":"https:\/\/qqpets.com\/product\/qr-tag-cat-collar\/#primaryimage"},"thumbnailUrl":"https:\/\/qqpets.com\/wp-content\/uploads\/2024\/11\/QR-Tag-Cat-Collar1.webp","datePublished":"2024-11-14T08:30:26+00:00","description":"Ovratnica QR Tag Cat Collar zdru\u017euje varnost in prilagajanje. Enostavno jo je mogo\u010de skenirati za informacije o hi\u0161nih ljubljen\u010dkih in v celoti prilagoditi z logotipi ali vzorci - kot nala\u0161\u010d za potrebe blagovne znamke B2B.","breadcrumb":{"@id":"https:\/\/qqpets.com\/product\/qr-tag-cat-collar\/#breadcrumb"},"inLanguage":"sl-SI","potentialAction":[{"@type":"ReadAction","target":["https:\/\/qqpets.com\/product\/qr-tag-cat-collar\/"]}]},{"@type":"ImageObject","inLanguage":"sl-SI","@id":"https:\/\/qqpets.com\/product\/qr-tag-cat-collar\/#primaryimage","url":"https:\/\/qqpets.com\/wp-content\/uploads\/2024\/11\/QR-Tag-Cat-Collar1.webp","contentUrl":"https:\/\/qqpets.com\/wp-content\/uploads\/2024\/11\/QR-Tag-Cat-Collar1.webp","width":1000,"height":1000},{"@type":"BreadcrumbList","@id":"https:\/\/qqpets.com\/product\/qr-tag-cat-collar\/#breadcrumb","itemListElement":[{"@type":"ListItem","position":1,"name":"Home","item":"https:\/\/qqpets.com\/"},{"@type":"ListItem","position":2,"name":"Products","item":"https:\/\/qqpets.com\/pet-products-manufacturer\/"},{"@type":"ListItem","position":3,"name":"QR Tag Cat Collar"}]},{"@type":"WebSite","@id":"https:\/\/qqpets.com\/#website","url":"https:\/\/qqpets.com\/","name":"QQPETS","description":"QQPETS je tovarna izdelkov za hi\u0161ne ljubljen\u010dke za pasje postroje, pasje ovratnice, pasje povodce in pasje dodatke s strokovno prilagojeno storitvijo od leta 2005.","publisher":{"@id":"https:\/\/qqpets.com\/#organization"},"potentialAction":[{"@type":"SearchAction","target":{"@type":"EntryPoint","urlTemplate":"https:\/\/qqpets.com\/?s={search_term_string}"},"query-input":{"@type":"PropertyValueSpecification","valueRequired":true,"valueName":"search_term_string"}}],"inLanguage":"sl-SI"},{"@type":"Organization","@id":"https:\/\/qqpets.com\/#organization","name":"QQPETS","url":"https:\/\/qqpets.com\/","logo":{"@type":"ImageObject","inLanguage":"sl-SI","@id":"https:\/\/qqpets.com\/#\/schema\/logo\/image\/","url":"https:\/\/qqpets.com\/wp-content\/uploads\/2023\/09\/cropped-cropped-qqpets-tiktok.jpg","contentUrl":"https:\/\/qqpets.com\/wp-content\/uploads\/2023\/09\/cropped-cropped-qqpets-tiktok.jpg","width":511,"height":511,"caption":"QQPETS"},"image":{"@id":"https:\/\/qqpets.com\/#\/schema\/logo\/image\/"},"sameAs":["https:\/\/www.facebook.com\/QQpetsdogcollars","https:\/\/www.instagram.com\/qqpetscollar\/","https:\/\/www.pinterest.com\/qqpetsdogcollarsfactory\/"]}]}},"_links":{"self":[{"href":"https:\/\/qqpets.com\/sl\/wp-json\/wp\/v2\/product\/9371","targetHints":{"allow":["GET"]}}],"collection":[{"href":"https:\/\/qqpets.com\/sl\/wp-json\/wp\/v2\/product"}],"about":[{"href":"https:\/\/qqpets.com\/sl\/wp-json\/wp\/v2\/types\/product"}],"wp:featuredmedia":[{"embeddable":true,"href":"https:\/\/qqpets.com\/sl\/wp-json\/wp\/v2\/media\/9372"}],"wp:attachment":[{"href":"https:\/\/qqpets.com\/sl\/wp-json\/wp\/v2\/media?parent=9371"}],"wp:term":[{"taxonomy":"product_brand","embeddable":true,"href":"https:\/\/qqpets.com\/sl\/wp-json\/wp\/v2\/product_brand?post=9371"},{"taxonomy":"product_cat","embeddable":true,"href":"https:\/\/qqpets.com\/sl\/wp-json\/wp\/v2\/product_cat?post=9371"},{"taxonomy":"product_tag","embeddable":true,"href":"https:\/\/qqpets.com\/sl\/wp-json\/wp\/v2\/product_tag?post=9371"}],"curies":[{"name":"wp","href":"https:\/\/api.w.org\/{rel}","templated":true}]}}