{"id":9384,"date":"2024-11-14T16:47:51","date_gmt":"2024-11-14T08:47:51","guid":{"rendered":"https:\/\/qqpets.com\/?post_type=product&#038;p=9384"},"modified":"2024-12-12T17:34:57","modified_gmt":"2024-12-12T09:34:57","slug":"running-dog-leash","status":"publish","type":"product","link":"https:\/\/qqpets.com\/sl\/izdelek\/running-dog-leash\/","title":{"rendered":"Povodec za pse za tek"},"content":{"rendered":"<p>Na\u0161 teka\u0161ki povodec za pse je odli\u010dna izbira za lastnike \u017eivali, ki so radi aktivni s svojimi psi. Ta povodec je zasnovan za udobje brez uporabe rok in se varno ovije okoli pasu, tako da vam sprosti roke, hkrati pa zagotavlja stabilen nadzor nad va\u0161im ljubljen\u010dkom med tekom, tekom ali pohodi. Ta povodec je izdelan iz trpe\u017enih materialov, odpornih na vremenske vplive, in je zasnovan tako, da prenese zahteve redne uporabe ne glede na stopnjo aktivnosti hi\u0161nega ljubljen\u010dka.<\/p>\n<p>Zasnova tega povodca, ki absorbira udarce, zmanj\u0161uje obremenitev tako teka\u010da kot psa ter zagotavlja udobno in nemoteno izku\u0161njo. Del bungee dodatno pove\u010duje pro\u017enost in absorbira nenadne sunke ter tako \u0161\u010diti vodnika in psa pred nenadnimi gibi. Odsevni \u0161ivi vzdol\u017e povodca zagotavljajo dodatno varnost in izbolj\u0161ujejo vidljivost v slabih svetlobnih pogojih za zgodnje jutranje ali ve\u010derne sprehode.<\/p>\n<p>Za stranke B2B vodilo za pse Running ponuja idealne mo\u017enosti prilagajanja, saj lahko podjetja dodajo edinstvene logotipe ali vzorce, ki odra\u017eajo identiteto njihove blagovne znamke. Na voljo je v razli\u010dnih barvah in podjetjem omogo\u010da, da zagotovijo poseben izdelek za aktivne lastnike hi\u0161nih ljubljen\u010dkov, ki i\u0161\u010dejo me\u0161anico sloga, funkcionalnosti in vzdr\u017eljivosti. Ta povodec je kot nala\u0161\u010d za blagovne znamke, ki si prizadevajo dose\u010di zdravo ozave\u0161\u010den in aktiven trg, saj zagotavlja tako udobje kot potencial za oblikovanje blagovne znamke v enem samem, vsestranskem izdelku.<\/p>","protected":false},"excerpt":{"rendered":"<p>Povodec za pse Running je namenjen aktivnim lastnikom hi\u0161nih ljubljen\u010dkov, ki u\u017eivajo v prostem teku in sprehodih s svojimi psi. Ta povodec se varno pritrdi okoli pasu, kar omogo\u010da gladko in nadzorovano gibanje brez potrebe po dr\u017eanju ro\u010daja. Izdelan je iz mo\u010dnih in visokokakovostnih materialov, zato je zasnovan tako, da zdr\u017ei vsakodnevne teke in z lahkoto obvladuje aktivne hi\u0161ne ljubljen\u010dke. Povodec je kot nala\u0161\u010d za stranke B2B, saj ga je mogo\u010de prilagoditi z logotipi in vzorci, ki ustrezajo slogu va\u0161e blagovne znamke, kar va\u0161im strankam doda osebno noto. Ta povodec za prostoro\u010dno uporabo je idealen pripomo\u010dek za vsako blagovno znamko, ki cilja na lastnike psov, usmerjene v fitnes.<\/p>","protected":false},"featured_media":9386,"template":"","meta":[],"product_brand":[],"product_cat":[27],"product_tag":[],"class_list":{"0":"post-9384","1":"product","2":"type-product","3":"status-publish","4":"has-post-thumbnail","6":"product_cat-dog-leash","8":"first","9":"instock","10":"shipping-taxable","11":"product-type-simple"},"yoast_head":"<!-- This site is optimized with the Yoast SEO plugin v26.6 - https:\/\/yoast.com\/wordpress\/plugins\/seo\/ -->\n<title>Running Dog Leash | QQPETS<\/title>\n<meta name=\"description\" content=\"Running Dog Leash designed for active lifestyles, ideal for hands-free running with pets. Durable, customizable for brand logos and patterns, perfect for B2B customers.\" \/>\n<meta name=\"robots\" content=\"index, follow, max-snippet:-1, max-image-preview:large, max-video-preview:-1\" \/>\n<link rel=\"canonical\" href=\"https:\/\/qqpets.com\/sl\/izdelek\/running-dog-leash\/\" \/>\n<meta property=\"og:locale\" content=\"sl_SI\" \/>\n<meta property=\"og:type\" content=\"article\" \/>\n<meta property=\"og:title\" content=\"Running Dog Leash | QQPETS\" \/>\n<meta property=\"og:description\" content=\"Running Dog Leash designed for active lifestyles, ideal for hands-free running with pets. Durable, customizable for brand logos and patterns, perfect for B2B customers.\" \/>\n<meta property=\"og:url\" content=\"https:\/\/qqpets.com\/sl\/izdelek\/running-dog-leash\/\" \/>\n<meta property=\"og:site_name\" content=\"QQPETS\" \/>\n<meta property=\"article:publisher\" content=\"https:\/\/www.facebook.com\/QQpetsdogcollars\" \/>\n<meta property=\"article:modified_time\" content=\"2024-12-12T09:34:57+00:00\" \/>\n<meta property=\"og:image\" content=\"https:\/\/qqpets.com\/wp-content\/uploads\/2024\/11\/running-dog-leash2.webp\" \/>\n\t<meta property=\"og:image:width\" content=\"1024\" \/>\n\t<meta property=\"og:image:height\" content=\"1024\" \/>\n\t<meta property=\"og:image:type\" content=\"image\/webp\" \/>\n<meta name=\"twitter:card\" content=\"summary_large_image\" \/>\n<meta name=\"twitter:label1\" content=\"Est. reading time\" \/>\n\t<meta name=\"twitter:data1\" content=\"2 minuti\" \/>\n<script type=\"application\/ld+json\" class=\"yoast-schema-graph\">{\"@context\":\"https:\/\/schema.org\",\"@graph\":[{\"@type\":\"WebPage\",\"@id\":\"https:\/\/qqpets.com\/product\/running-dog-leash\/\",\"url\":\"https:\/\/qqpets.com\/product\/running-dog-leash\/\",\"name\":\"Running Dog Leash | QQPETS\",\"isPartOf\":{\"@id\":\"https:\/\/qqpets.com\/#website\"},\"primaryImageOfPage\":{\"@id\":\"https:\/\/qqpets.com\/product\/running-dog-leash\/#primaryimage\"},\"image\":{\"@id\":\"https:\/\/qqpets.com\/product\/running-dog-leash\/#primaryimage\"},\"thumbnailUrl\":\"https:\/\/qqpets.com\/wp-content\/uploads\/2024\/11\/running-dog-leash2.webp\",\"datePublished\":\"2024-11-14T08:47:51+00:00\",\"dateModified\":\"2024-12-12T09:34:57+00:00\",\"description\":\"Running Dog Leash designed for active lifestyles, ideal for hands-free running with pets. Durable, customizable for brand logos and patterns, perfect for B2B customers.\",\"breadcrumb\":{\"@id\":\"https:\/\/qqpets.com\/product\/running-dog-leash\/#breadcrumb\"},\"inLanguage\":\"sl-SI\",\"potentialAction\":[{\"@type\":\"ReadAction\",\"target\":[\"https:\/\/qqpets.com\/product\/running-dog-leash\/\"]}]},{\"@type\":\"ImageObject\",\"inLanguage\":\"sl-SI\",\"@id\":\"https:\/\/qqpets.com\/product\/running-dog-leash\/#primaryimage\",\"url\":\"https:\/\/qqpets.com\/wp-content\/uploads\/2024\/11\/running-dog-leash2.webp\",\"contentUrl\":\"https:\/\/qqpets.com\/wp-content\/uploads\/2024\/11\/running-dog-leash2.webp\",\"width\":1024,\"height\":1024},{\"@type\":\"BreadcrumbList\",\"@id\":\"https:\/\/qqpets.com\/product\/running-dog-leash\/#breadcrumb\",\"itemListElement\":[{\"@type\":\"ListItem\",\"position\":1,\"name\":\"Home\",\"item\":\"https:\/\/qqpets.com\/\"},{\"@type\":\"ListItem\",\"position\":2,\"name\":\"Products\",\"item\":\"https:\/\/qqpets.com\/pet-products-manufacturer\/\"},{\"@type\":\"ListItem\",\"position\":3,\"name\":\"Running Dog Leash\"}]},{\"@type\":\"WebSite\",\"@id\":\"https:\/\/qqpets.com\/#website\",\"url\":\"https:\/\/qqpets.com\/\",\"name\":\"QQPETS\",\"description\":\"QQPETS is a pet products factory for dog harnesses, dog collars, dog leashes and dog accessories with professional customized service since 2005.\",\"publisher\":{\"@id\":\"https:\/\/qqpets.com\/#organization\"},\"potentialAction\":[{\"@type\":\"SearchAction\",\"target\":{\"@type\":\"EntryPoint\",\"urlTemplate\":\"https:\/\/qqpets.com\/?s={search_term_string}\"},\"query-input\":{\"@type\":\"PropertyValueSpecification\",\"valueRequired\":true,\"valueName\":\"search_term_string\"}}],\"inLanguage\":\"sl-SI\"},{\"@type\":\"Organization\",\"@id\":\"https:\/\/qqpets.com\/#organization\",\"name\":\"QQPETS\",\"url\":\"https:\/\/qqpets.com\/\",\"logo\":{\"@type\":\"ImageObject\",\"inLanguage\":\"sl-SI\",\"@id\":\"https:\/\/qqpets.com\/#\/schema\/logo\/image\/\",\"url\":\"https:\/\/qqpets.com\/wp-content\/uploads\/2023\/09\/cropped-cropped-qqpets-tiktok.jpg\",\"contentUrl\":\"https:\/\/qqpets.com\/wp-content\/uploads\/2023\/09\/cropped-cropped-qqpets-tiktok.jpg\",\"width\":511,\"height\":511,\"caption\":\"QQPETS\"},\"image\":{\"@id\":\"https:\/\/qqpets.com\/#\/schema\/logo\/image\/\"},\"sameAs\":[\"https:\/\/www.facebook.com\/QQpetsdogcollars\",\"https:\/\/www.instagram.com\/qqpetscollar\/\",\"https:\/\/www.pinterest.com\/qqpetsdogcollarsfactory\/\"]}]}<\/script>\n<!-- \/ Yoast SEO plugin. -->","yoast_head_json":{"title":"Teka\u0161ki povodec za pse | QQPETS","description":"Teka\u0161ki povodec za pse je zasnovan za aktivne \u017eivljenjske sloge in je idealen za prostoro\u010dno tekanje s hi\u0161nimi ljubljen\u010dki. Vzdr\u017eljiv, prilagodljiv za logotipe in vzorce blagovnih znamk, kot nala\u0161\u010d za stranke B2B.","robots":{"index":"index","follow":"follow","max-snippet":"max-snippet:-1","max-image-preview":"max-image-preview:large","max-video-preview":"max-video-preview:-1"},"canonical":"https:\/\/qqpets.com\/sl\/izdelek\/running-dog-leash\/","og_locale":"sl_SI","og_type":"article","og_title":"Running Dog Leash | QQPETS","og_description":"Running Dog Leash designed for active lifestyles, ideal for hands-free running with pets. Durable, customizable for brand logos and patterns, perfect for B2B customers.","og_url":"https:\/\/qqpets.com\/sl\/izdelek\/running-dog-leash\/","og_site_name":"QQPETS","article_publisher":"https:\/\/www.facebook.com\/QQpetsdogcollars","article_modified_time":"2024-12-12T09:34:57+00:00","og_image":[{"width":1024,"height":1024,"url":"https:\/\/qqpets.com\/wp-content\/uploads\/2024\/11\/running-dog-leash2.webp","type":"image\/webp"}],"twitter_card":"summary_large_image","twitter_misc":{"Est. reading time":"2 minuti"},"schema":{"@context":"https:\/\/schema.org","@graph":[{"@type":"WebPage","@id":"https:\/\/qqpets.com\/product\/running-dog-leash\/","url":"https:\/\/qqpets.com\/product\/running-dog-leash\/","name":"Teka\u0161ki povodec za pse | QQPETS","isPartOf":{"@id":"https:\/\/qqpets.com\/#website"},"primaryImageOfPage":{"@id":"https:\/\/qqpets.com\/product\/running-dog-leash\/#primaryimage"},"image":{"@id":"https:\/\/qqpets.com\/product\/running-dog-leash\/#primaryimage"},"thumbnailUrl":"https:\/\/qqpets.com\/wp-content\/uploads\/2024\/11\/running-dog-leash2.webp","datePublished":"2024-11-14T08:47:51+00:00","dateModified":"2024-12-12T09:34:57+00:00","description":"Teka\u0161ki povodec za pse je zasnovan za aktivne \u017eivljenjske sloge in je idealen za prostoro\u010dno tekanje s hi\u0161nimi ljubljen\u010dki. Vzdr\u017eljiv, prilagodljiv za logotipe in vzorce blagovnih znamk, kot nala\u0161\u010d za stranke B2B.","breadcrumb":{"@id":"https:\/\/qqpets.com\/product\/running-dog-leash\/#breadcrumb"},"inLanguage":"sl-SI","potentialAction":[{"@type":"ReadAction","target":["https:\/\/qqpets.com\/product\/running-dog-leash\/"]}]},{"@type":"ImageObject","inLanguage":"sl-SI","@id":"https:\/\/qqpets.com\/product\/running-dog-leash\/#primaryimage","url":"https:\/\/qqpets.com\/wp-content\/uploads\/2024\/11\/running-dog-leash2.webp","contentUrl":"https:\/\/qqpets.com\/wp-content\/uploads\/2024\/11\/running-dog-leash2.webp","width":1024,"height":1024},{"@type":"BreadcrumbList","@id":"https:\/\/qqpets.com\/product\/running-dog-leash\/#breadcrumb","itemListElement":[{"@type":"ListItem","position":1,"name":"Home","item":"https:\/\/qqpets.com\/"},{"@type":"ListItem","position":2,"name":"Products","item":"https:\/\/qqpets.com\/pet-products-manufacturer\/"},{"@type":"ListItem","position":3,"name":"Running Dog Leash"}]},{"@type":"WebSite","@id":"https:\/\/qqpets.com\/#website","url":"https:\/\/qqpets.com\/","name":"QQPETS","description":"QQPETS je tovarna izdelkov za hi\u0161ne ljubljen\u010dke za pasje postroje, pasje ovratnice, pasje povodce in pasje dodatke s strokovno prilagojeno storitvijo od leta 2005.","publisher":{"@id":"https:\/\/qqpets.com\/#organization"},"potentialAction":[{"@type":"SearchAction","target":{"@type":"EntryPoint","urlTemplate":"https:\/\/qqpets.com\/?s={search_term_string}"},"query-input":{"@type":"PropertyValueSpecification","valueRequired":true,"valueName":"search_term_string"}}],"inLanguage":"sl-SI"},{"@type":"Organization","@id":"https:\/\/qqpets.com\/#organization","name":"QQPETS","url":"https:\/\/qqpets.com\/","logo":{"@type":"ImageObject","inLanguage":"sl-SI","@id":"https:\/\/qqpets.com\/#\/schema\/logo\/image\/","url":"https:\/\/qqpets.com\/wp-content\/uploads\/2023\/09\/cropped-cropped-qqpets-tiktok.jpg","contentUrl":"https:\/\/qqpets.com\/wp-content\/uploads\/2023\/09\/cropped-cropped-qqpets-tiktok.jpg","width":511,"height":511,"caption":"QQPETS"},"image":{"@id":"https:\/\/qqpets.com\/#\/schema\/logo\/image\/"},"sameAs":["https:\/\/www.facebook.com\/QQpetsdogcollars","https:\/\/www.instagram.com\/qqpetscollar\/","https:\/\/www.pinterest.com\/qqpetsdogcollarsfactory\/"]}]}},"_links":{"self":[{"href":"https:\/\/qqpets.com\/sl\/wp-json\/wp\/v2\/product\/9384","targetHints":{"allow":["GET"]}}],"collection":[{"href":"https:\/\/qqpets.com\/sl\/wp-json\/wp\/v2\/product"}],"about":[{"href":"https:\/\/qqpets.com\/sl\/wp-json\/wp\/v2\/types\/product"}],"wp:featuredmedia":[{"embeddable":true,"href":"https:\/\/qqpets.com\/sl\/wp-json\/wp\/v2\/media\/9386"}],"wp:attachment":[{"href":"https:\/\/qqpets.com\/sl\/wp-json\/wp\/v2\/media?parent=9384"}],"wp:term":[{"taxonomy":"product_brand","embeddable":true,"href":"https:\/\/qqpets.com\/sl\/wp-json\/wp\/v2\/product_brand?post=9384"},{"taxonomy":"product_cat","embeddable":true,"href":"https:\/\/qqpets.com\/sl\/wp-json\/wp\/v2\/product_cat?post=9384"},{"taxonomy":"product_tag","embeddable":true,"href":"https:\/\/qqpets.com\/sl\/wp-json\/wp\/v2\/product_tag?post=9384"}],"curies":[{"name":"wp","href":"https:\/\/api.w.org\/{rel}","templated":true}]}}