{"id":9390,"date":"2024-11-14T16:53:17","date_gmt":"2024-11-14T08:53:17","guid":{"rendered":"https:\/\/qqpets.com\/?post_type=product&#038;p=9390"},"modified":"2024-11-14T16:53:17","modified_gmt":"2024-11-14T08:53:17","slug":"dual-handle-leash","status":"publish","type":"product","link":"https:\/\/qqpets.com\/sl\/izdelek\/dual-handle-leash\/","title":{"rendered":"Dvojni povodec z ro\u010dajem"},"content":{"rendered":"<p>Povodec z dvema ro\u010dajema ponuja re\u0161itev za lastnike psov in trenerje, ki \u017eelijo imeti dodaten nadzor med sprehodi in treningi. Ta povodec ima dva oblazinjena ro\u010daja, ki sta name\u0161\u010dena za posebne namene. Zgornji ro\u010daj slu\u017ei kot standardni ro\u010daj za vsakodnevne sprehode in zagotavlja udoben oprijem za spro\u0161\u010deno izku\u0161njo. Drugi, spodnji ro\u010daj se nahaja bli\u017eje pasji ovratnici in zagotavlja dodaten nadzor na obmo\u010djih z veliko prometa, pri vajah za usposabljanje ali v situacijah, ko je potrebna hitra omejitev.<\/p>\n<p>Ta povodec je izdelan iz vrhunskih in trpe\u017enih materialov, zato je odporen na redno obrabo in zagotavlja vzdr\u017eljivost tudi v zahtevnih zunanjih okoljih. Oja\u010dani \u0161ivi in tkanina, odporna na vremenske vplive, zagotavljajo trajno kakovost, zato je idealen za pse vseh velikosti in ravni aktivnosti. Poleg tega oblazinjenje na obeh ro\u010dajih zmanj\u0161uje obremenitev rok in omogo\u010da udobno rokovanje dlje \u010dasa.<\/p>\n<p>Za na\u0161e stranke B2B je povodec z dvema ro\u010dajema prilagodljiv, tako da lahko vanj vklju\u010dite logotip, barve ali vzorce svoje blagovne znamke. To prilagajanje dodaja osebno noto, podjetjem pa daje prilo\u017enost, da izstopajo in svojim strankam ponudijo prepoznaven izdelek. Ta povodec je idealen za trgovine za hi\u0161ne ljubljen\u010dke, objekte za usposabljanje ali specializirane trgovce na drobno, saj zdru\u017euje prakti\u010dnost, vzdr\u017eljivost in mo\u017enost u\u010dinkovite krepitve blagovne znamke v vsestranski zasnovi.<\/p>","protected":false},"excerpt":{"rendered":"<p>Povodec z dvema ro\u010dajema je zasnovan za bolj\u0161i nadzor, saj ima dva strate\u0161ko name\u0161\u010dena ro\u010daja za optimalno vodenje v razli\u010dnih situacijah. S primarnim ro\u010dajem za standardno hojo in spodnjim ro\u010dajem za tesno, nadzorovano usposabljanje ta povodec zagotavlja vsestranskost in varnost za pse vseh velikosti. Narejen je iz trpe\u017enih materialov, odpornih na vremenske vplive, zato je idealen za aktivne in na trening osredoto\u010dene hi\u0161ne ljubljen\u010dke blagovnih znamk. Stranke B2B lahko povodec prilagodijo z edinstvenimi logotipi ali vzorci, kar se popolnoma ujema z njihovimi potrebami po blagovni znamki. Ta povodec je odli\u010den dodatek za podjetja, ki \u017eelijo ponuditi prakti\u010dne in visokokakovostne re\u0161itve za lastnike psov, ki \u017eelijo imeti ve\u010d nadzora.<\/p>","protected":false},"featured_media":9391,"template":"","meta":[],"product_brand":[],"product_cat":[27],"product_tag":[],"class_list":{"0":"post-9390","1":"product","2":"type-product","3":"status-publish","4":"has-post-thumbnail","6":"product_cat-dog-leash","8":"first","9":"instock","10":"shipping-taxable","11":"product-type-simple"},"yoast_head":"<!-- This site is optimized with the Yoast SEO plugin v26.6 - https:\/\/yoast.com\/wordpress\/plugins\/seo\/ -->\n<title>Dual Handle Leash | QQPETS<\/title>\n<meta name=\"description\" content=\"Dual Handle Leash for ultimate control and comfort, designed for training and active dogs. Customizable for logos and patterns, ideal for B2B branding needs.\" \/>\n<meta name=\"robots\" content=\"index, follow, max-snippet:-1, max-image-preview:large, max-video-preview:-1\" \/>\n<link rel=\"canonical\" href=\"https:\/\/qqpets.com\/sl\/izdelek\/dual-handle-leash\/\" \/>\n<meta property=\"og:locale\" content=\"sl_SI\" \/>\n<meta property=\"og:type\" content=\"article\" \/>\n<meta property=\"og:title\" content=\"Dual Handle Leash | QQPETS\" \/>\n<meta property=\"og:description\" content=\"Dual Handle Leash for ultimate control and comfort, designed for training and active dogs. Customizable for logos and patterns, ideal for B2B branding needs.\" \/>\n<meta property=\"og:url\" content=\"https:\/\/qqpets.com\/sl\/izdelek\/dual-handle-leash\/\" \/>\n<meta property=\"og:site_name\" content=\"QQPETS\" \/>\n<meta property=\"article:publisher\" content=\"https:\/\/www.facebook.com\/QQpetsdogcollars\" \/>\n<meta property=\"og:image\" content=\"https:\/\/qqpets.com\/wp-content\/uploads\/2024\/11\/Dual-Handle-Leash1.webp\" \/>\n\t<meta property=\"og:image:width\" content=\"800\" \/>\n\t<meta property=\"og:image:height\" content=\"800\" \/>\n\t<meta property=\"og:image:type\" content=\"image\/webp\" \/>\n<meta name=\"twitter:card\" content=\"summary_large_image\" \/>\n<meta name=\"twitter:label1\" content=\"Est. reading time\" \/>\n\t<meta name=\"twitter:data1\" content=\"2 minuti\" \/>\n<script type=\"application\/ld+json\" class=\"yoast-schema-graph\">{\"@context\":\"https:\/\/schema.org\",\"@graph\":[{\"@type\":\"WebPage\",\"@id\":\"https:\/\/qqpets.com\/product\/dual-handle-leash\/\",\"url\":\"https:\/\/qqpets.com\/product\/dual-handle-leash\/\",\"name\":\"Dual Handle Leash | QQPETS\",\"isPartOf\":{\"@id\":\"https:\/\/qqpets.com\/#website\"},\"primaryImageOfPage\":{\"@id\":\"https:\/\/qqpets.com\/product\/dual-handle-leash\/#primaryimage\"},\"image\":{\"@id\":\"https:\/\/qqpets.com\/product\/dual-handle-leash\/#primaryimage\"},\"thumbnailUrl\":\"https:\/\/qqpets.com\/wp-content\/uploads\/2024\/11\/Dual-Handle-Leash1.webp\",\"datePublished\":\"2024-11-14T08:53:17+00:00\",\"description\":\"Dual Handle Leash for ultimate control and comfort, designed for training and active dogs. Customizable for logos and patterns, ideal for B2B branding needs.\",\"breadcrumb\":{\"@id\":\"https:\/\/qqpets.com\/product\/dual-handle-leash\/#breadcrumb\"},\"inLanguage\":\"sl-SI\",\"potentialAction\":[{\"@type\":\"ReadAction\",\"target\":[\"https:\/\/qqpets.com\/product\/dual-handle-leash\/\"]}]},{\"@type\":\"ImageObject\",\"inLanguage\":\"sl-SI\",\"@id\":\"https:\/\/qqpets.com\/product\/dual-handle-leash\/#primaryimage\",\"url\":\"https:\/\/qqpets.com\/wp-content\/uploads\/2024\/11\/Dual-Handle-Leash1.webp\",\"contentUrl\":\"https:\/\/qqpets.com\/wp-content\/uploads\/2024\/11\/Dual-Handle-Leash1.webp\",\"width\":800,\"height\":800},{\"@type\":\"BreadcrumbList\",\"@id\":\"https:\/\/qqpets.com\/product\/dual-handle-leash\/#breadcrumb\",\"itemListElement\":[{\"@type\":\"ListItem\",\"position\":1,\"name\":\"Home\",\"item\":\"https:\/\/qqpets.com\/\"},{\"@type\":\"ListItem\",\"position\":2,\"name\":\"Products\",\"item\":\"https:\/\/qqpets.com\/pet-products-manufacturer\/\"},{\"@type\":\"ListItem\",\"position\":3,\"name\":\"Dual Handle Leash\"}]},{\"@type\":\"WebSite\",\"@id\":\"https:\/\/qqpets.com\/#website\",\"url\":\"https:\/\/qqpets.com\/\",\"name\":\"QQPETS\",\"description\":\"QQPETS is a pet products factory for dog harnesses, dog collars, dog leashes and dog accessories with professional customized service since 2005.\",\"publisher\":{\"@id\":\"https:\/\/qqpets.com\/#organization\"},\"potentialAction\":[{\"@type\":\"SearchAction\",\"target\":{\"@type\":\"EntryPoint\",\"urlTemplate\":\"https:\/\/qqpets.com\/?s={search_term_string}\"},\"query-input\":{\"@type\":\"PropertyValueSpecification\",\"valueRequired\":true,\"valueName\":\"search_term_string\"}}],\"inLanguage\":\"sl-SI\"},{\"@type\":\"Organization\",\"@id\":\"https:\/\/qqpets.com\/#organization\",\"name\":\"QQPETS\",\"url\":\"https:\/\/qqpets.com\/\",\"logo\":{\"@type\":\"ImageObject\",\"inLanguage\":\"sl-SI\",\"@id\":\"https:\/\/qqpets.com\/#\/schema\/logo\/image\/\",\"url\":\"https:\/\/qqpets.com\/wp-content\/uploads\/2023\/09\/cropped-cropped-qqpets-tiktok.jpg\",\"contentUrl\":\"https:\/\/qqpets.com\/wp-content\/uploads\/2023\/09\/cropped-cropped-qqpets-tiktok.jpg\",\"width\":511,\"height\":511,\"caption\":\"QQPETS\"},\"image\":{\"@id\":\"https:\/\/qqpets.com\/#\/schema\/logo\/image\/\"},\"sameAs\":[\"https:\/\/www.facebook.com\/QQpetsdogcollars\",\"https:\/\/www.instagram.com\/qqpetscollar\/\",\"https:\/\/www.pinterest.com\/qqpetsdogcollarsfactory\/\"]}]}<\/script>\n<!-- \/ Yoast SEO plugin. -->","yoast_head_json":{"title":"Povodec z dvojnim ro\u010dajem | QQPETS","description":"Povodec z dvema ro\u010dajema za popoln nadzor in udobje, zasnovan za \u0161olanje in aktivne pse. Prilagodljiv za logotipe in vzorce, idealen za potrebe blagovne znamke B2B.","robots":{"index":"index","follow":"follow","max-snippet":"max-snippet:-1","max-image-preview":"max-image-preview:large","max-video-preview":"max-video-preview:-1"},"canonical":"https:\/\/qqpets.com\/sl\/izdelek\/dual-handle-leash\/","og_locale":"sl_SI","og_type":"article","og_title":"Dual Handle Leash | QQPETS","og_description":"Dual Handle Leash for ultimate control and comfort, designed for training and active dogs. Customizable for logos and patterns, ideal for B2B branding needs.","og_url":"https:\/\/qqpets.com\/sl\/izdelek\/dual-handle-leash\/","og_site_name":"QQPETS","article_publisher":"https:\/\/www.facebook.com\/QQpetsdogcollars","og_image":[{"width":800,"height":800,"url":"https:\/\/qqpets.com\/wp-content\/uploads\/2024\/11\/Dual-Handle-Leash1.webp","type":"image\/webp"}],"twitter_card":"summary_large_image","twitter_misc":{"Est. reading time":"2 minuti"},"schema":{"@context":"https:\/\/schema.org","@graph":[{"@type":"WebPage","@id":"https:\/\/qqpets.com\/product\/dual-handle-leash\/","url":"https:\/\/qqpets.com\/product\/dual-handle-leash\/","name":"Povodec z dvojnim ro\u010dajem | QQPETS","isPartOf":{"@id":"https:\/\/qqpets.com\/#website"},"primaryImageOfPage":{"@id":"https:\/\/qqpets.com\/product\/dual-handle-leash\/#primaryimage"},"image":{"@id":"https:\/\/qqpets.com\/product\/dual-handle-leash\/#primaryimage"},"thumbnailUrl":"https:\/\/qqpets.com\/wp-content\/uploads\/2024\/11\/Dual-Handle-Leash1.webp","datePublished":"2024-11-14T08:53:17+00:00","description":"Povodec z dvema ro\u010dajema za popoln nadzor in udobje, zasnovan za \u0161olanje in aktivne pse. Prilagodljiv za logotipe in vzorce, idealen za potrebe blagovne znamke B2B.","breadcrumb":{"@id":"https:\/\/qqpets.com\/product\/dual-handle-leash\/#breadcrumb"},"inLanguage":"sl-SI","potentialAction":[{"@type":"ReadAction","target":["https:\/\/qqpets.com\/product\/dual-handle-leash\/"]}]},{"@type":"ImageObject","inLanguage":"sl-SI","@id":"https:\/\/qqpets.com\/product\/dual-handle-leash\/#primaryimage","url":"https:\/\/qqpets.com\/wp-content\/uploads\/2024\/11\/Dual-Handle-Leash1.webp","contentUrl":"https:\/\/qqpets.com\/wp-content\/uploads\/2024\/11\/Dual-Handle-Leash1.webp","width":800,"height":800},{"@type":"BreadcrumbList","@id":"https:\/\/qqpets.com\/product\/dual-handle-leash\/#breadcrumb","itemListElement":[{"@type":"ListItem","position":1,"name":"Home","item":"https:\/\/qqpets.com\/"},{"@type":"ListItem","position":2,"name":"Products","item":"https:\/\/qqpets.com\/pet-products-manufacturer\/"},{"@type":"ListItem","position":3,"name":"Dual Handle Leash"}]},{"@type":"WebSite","@id":"https:\/\/qqpets.com\/#website","url":"https:\/\/qqpets.com\/","name":"QQPETS","description":"QQPETS je tovarna izdelkov za hi\u0161ne ljubljen\u010dke za pasje postroje, pasje ovratnice, pasje povodce in pasje dodatke s strokovno prilagojeno storitvijo od leta 2005.","publisher":{"@id":"https:\/\/qqpets.com\/#organization"},"potentialAction":[{"@type":"SearchAction","target":{"@type":"EntryPoint","urlTemplate":"https:\/\/qqpets.com\/?s={search_term_string}"},"query-input":{"@type":"PropertyValueSpecification","valueRequired":true,"valueName":"search_term_string"}}],"inLanguage":"sl-SI"},{"@type":"Organization","@id":"https:\/\/qqpets.com\/#organization","name":"QQPETS","url":"https:\/\/qqpets.com\/","logo":{"@type":"ImageObject","inLanguage":"sl-SI","@id":"https:\/\/qqpets.com\/#\/schema\/logo\/image\/","url":"https:\/\/qqpets.com\/wp-content\/uploads\/2023\/09\/cropped-cropped-qqpets-tiktok.jpg","contentUrl":"https:\/\/qqpets.com\/wp-content\/uploads\/2023\/09\/cropped-cropped-qqpets-tiktok.jpg","width":511,"height":511,"caption":"QQPETS"},"image":{"@id":"https:\/\/qqpets.com\/#\/schema\/logo\/image\/"},"sameAs":["https:\/\/www.facebook.com\/QQpetsdogcollars","https:\/\/www.instagram.com\/qqpetscollar\/","https:\/\/www.pinterest.com\/qqpetsdogcollarsfactory\/"]}]}},"_links":{"self":[{"href":"https:\/\/qqpets.com\/sl\/wp-json\/wp\/v2\/product\/9390","targetHints":{"allow":["GET"]}}],"collection":[{"href":"https:\/\/qqpets.com\/sl\/wp-json\/wp\/v2\/product"}],"about":[{"href":"https:\/\/qqpets.com\/sl\/wp-json\/wp\/v2\/types\/product"}],"wp:featuredmedia":[{"embeddable":true,"href":"https:\/\/qqpets.com\/sl\/wp-json\/wp\/v2\/media\/9391"}],"wp:attachment":[{"href":"https:\/\/qqpets.com\/sl\/wp-json\/wp\/v2\/media?parent=9390"}],"wp:term":[{"taxonomy":"product_brand","embeddable":true,"href":"https:\/\/qqpets.com\/sl\/wp-json\/wp\/v2\/product_brand?post=9390"},{"taxonomy":"product_cat","embeddable":true,"href":"https:\/\/qqpets.com\/sl\/wp-json\/wp\/v2\/product_cat?post=9390"},{"taxonomy":"product_tag","embeddable":true,"href":"https:\/\/qqpets.com\/sl\/wp-json\/wp\/v2\/product_tag?post=9390"}],"curies":[{"name":"wp","href":"https:\/\/api.w.org\/{rel}","templated":true}]}}