{"id":9695,"date":"2024-12-13T16:44:56","date_gmt":"2024-12-13T08:44:56","guid":{"rendered":"https:\/\/qqpets.com\/?post_type=product&#038;p=9695"},"modified":"2024-12-13T16:44:56","modified_gmt":"2024-12-13T08:44:56","slug":"dog-blanket","status":"publish","type":"product","link":"https:\/\/qqpets.com\/sl\/izdelek\/dog-blanket\/","title":{"rendered":"Pasja odeja"},"content":{"rendered":"<p data-immersive-translate-walked=\"bc124103-9cd7-4f5a-8097-278f5efbaabc\" data-immersive-translate-paragraph=\"1\">Odejica za pse je zasnovana tako, da hi\u0161nim ljubljen\u010dkom zagotavlja toploto, udobje in slog, podjetjem pa ponuja odli\u010dne prilo\u017enosti za znam\u010denje. Odejica je izdelana iz vrhunske tkanine, mehke na dotik, je ne\u017ena do ko\u017ee hi\u0161nih ljubljen\u010dkov in dovolj trpe\u017ena za vsakodnevno uporabo. Odli\u010dna je za razli\u010dne scenarije, vklju\u010dno z le\u017eanjem doma, oblazinjenjem postelje za hi\u0161ne ljubljen\u010dke ali zagotavljanjem dodatnega udobja med vo\u017enjo z avtomobilom ali v zaporu.<\/p>\n<p data-immersive-translate-walked=\"bc124103-9cd7-4f5a-8097-278f5efbaabc\" data-immersive-translate-paragraph=\"1\">Za stranke B2B lahko na\u0161o odejo za pse v celoti prilagodite z logotipi, vzorci ali barvnimi shemami, da se uskladi z identiteto va\u0161e blagovne znamke. Ne glede na to, ali ste trgovina s hi\u0161nimi ljubljen\u010dki, spletni trgovec na drobno ali distributer, je ta odeja odli\u010den na\u010din za predstavitev va\u0161e blagovne znamke, hkrati pa ponuja funkcionalen in eleganten izdelek. Lahka zasnova, ki jo je mogo\u010de prati v pralnem stroju, zagotavlja enostavno nego za lastnike hi\u0161nih ljubljen\u010dkov, kar \u0161e pove\u010da njeno privla\u010dnost kot prakti\u010dnega in za\u017eelenega dodatka.<\/p>\n<p data-immersive-translate-walked=\"bc124103-9cd7-4f5a-8097-278f5efbaabc\" data-immersive-translate-paragraph=\"1\">Vsestranska, trpe\u017ena in elegantna odeja za pse je odli\u010den dodatek k vsakemu izdelku za hi\u0161ne ljubljen\u010dke. Zaradi mo\u017enosti oblikovanja blagovne znamke po meri je to izjemen izdelek za podjetja, ki \u017eelijo pritegniti pozornost in zvestobo strank na konkuren\u010dnem trgu hi\u0161nih ljubljen\u010dkov. Strankam ponudite izdelek, ki je tako udoben kot funkcionalen, hkrati pa utrdite svojo blagovno znamko kot vir kakovostnih dodatkov za hi\u0161ne ljubljen\u010dke.<\/p>","protected":false},"excerpt":{"rendered":"<p>Na\u0161a odeja za pse je odli\u010den pripomo\u010dek za toplo in udobno bivanje hi\u0161nih ljubljen\u010dkov. Izdelana je iz visokokakovostnih, mehkih in trpe\u017enih materialov ter je zasnovana za vsakodnevno uporabo in enostavno vzdr\u017eevanje. Ta odeja je idealna za stranke B2B, saj ponuja vse mo\u017enosti prilagajanja, tako da lahko dodate logotipe ali edinstvene vzorce, ki odra\u017eajo va\u0161o blagovno znamko. Odlika je idealna za postelje za hi\u0161ne ljubljen\u010dke, zaboje ali potovanja z avtomobilom, zato je vsestranski dodatek k vsaki liniji izdelkov za hi\u0161ne ljubljen\u010dke. Svojim strankam zagotovite elegantno in udobno re\u0161itev, ki pove\u010duje udobje njihovih hi\u0161nih ljubljen\u010dkov, hkrati pa pove\u010duje prepoznavnost va\u0161e blagovne znamke na konkuren\u010dnem trgu hi\u0161nih ljubljen\u010dkov.<\/p>","protected":false},"featured_media":9699,"template":"","meta":[],"product_brand":[],"product_cat":[58],"product_tag":[],"class_list":{"0":"post-9695","1":"product","2":"type-product","3":"status-publish","4":"has-post-thumbnail","6":"product_cat-accessories","8":"first","9":"instock","10":"shipping-taxable","11":"product-type-simple"},"yoast_head":"<!-- This site is optimized with the Yoast SEO plugin v26.6 - https:\/\/yoast.com\/wordpress\/plugins\/seo\/ -->\n<title>Dog Blanket | QQPETS<\/title>\n<meta name=\"description\" content=\"Soft and durable dog blanket, perfect for comfort and warmth. Customizable with logos or patterns for B2B clients, ideal for branding and pet product lines.\" \/>\n<meta name=\"robots\" content=\"index, follow, max-snippet:-1, max-image-preview:large, max-video-preview:-1\" \/>\n<link rel=\"canonical\" href=\"https:\/\/qqpets.com\/sl\/izdelek\/dog-blanket\/\" \/>\n<meta property=\"og:locale\" content=\"sl_SI\" \/>\n<meta property=\"og:type\" content=\"article\" \/>\n<meta property=\"og:title\" content=\"Dog Blanket | QQPETS\" \/>\n<meta property=\"og:description\" content=\"Soft and durable dog blanket, perfect for comfort and warmth. Customizable with logos or patterns for B2B clients, ideal for branding and pet product lines.\" \/>\n<meta property=\"og:url\" content=\"https:\/\/qqpets.com\/sl\/izdelek\/dog-blanket\/\" \/>\n<meta property=\"og:site_name\" content=\"QQPETS\" \/>\n<meta property=\"article:publisher\" content=\"https:\/\/www.facebook.com\/QQpetsdogcollars\" \/>\n<meta property=\"og:image\" content=\"https:\/\/qqpets.com\/wp-content\/uploads\/2024\/12\/Dog-Blanket3.webp\" \/>\n\t<meta property=\"og:image:width\" content=\"1080\" \/>\n\t<meta property=\"og:image:height\" content=\"1080\" \/>\n\t<meta property=\"og:image:type\" content=\"image\/webp\" \/>\n<meta name=\"twitter:card\" content=\"summary_large_image\" \/>\n<meta name=\"twitter:label1\" content=\"Est. reading time\" \/>\n\t<meta name=\"twitter:data1\" content=\"2 minuti\" \/>\n<script type=\"application\/ld+json\" class=\"yoast-schema-graph\">{\"@context\":\"https:\/\/schema.org\",\"@graph\":[{\"@type\":\"WebPage\",\"@id\":\"https:\/\/qqpets.com\/product\/dog-blanket\/\",\"url\":\"https:\/\/qqpets.com\/product\/dog-blanket\/\",\"name\":\"Dog Blanket | QQPETS\",\"isPartOf\":{\"@id\":\"https:\/\/qqpets.com\/#website\"},\"primaryImageOfPage\":{\"@id\":\"https:\/\/qqpets.com\/product\/dog-blanket\/#primaryimage\"},\"image\":{\"@id\":\"https:\/\/qqpets.com\/product\/dog-blanket\/#primaryimage\"},\"thumbnailUrl\":\"https:\/\/qqpets.com\/wp-content\/uploads\/2024\/12\/Dog-Blanket3.webp\",\"datePublished\":\"2024-12-13T08:44:56+00:00\",\"description\":\"Soft and durable dog blanket, perfect for comfort and warmth. Customizable with logos or patterns for B2B clients, ideal for branding and pet product lines.\",\"breadcrumb\":{\"@id\":\"https:\/\/qqpets.com\/product\/dog-blanket\/#breadcrumb\"},\"inLanguage\":\"sl-SI\",\"potentialAction\":[{\"@type\":\"ReadAction\",\"target\":[\"https:\/\/qqpets.com\/product\/dog-blanket\/\"]}]},{\"@type\":\"ImageObject\",\"inLanguage\":\"sl-SI\",\"@id\":\"https:\/\/qqpets.com\/product\/dog-blanket\/#primaryimage\",\"url\":\"https:\/\/qqpets.com\/wp-content\/uploads\/2024\/12\/Dog-Blanket3.webp\",\"contentUrl\":\"https:\/\/qqpets.com\/wp-content\/uploads\/2024\/12\/Dog-Blanket3.webp\",\"width\":1080,\"height\":1080},{\"@type\":\"BreadcrumbList\",\"@id\":\"https:\/\/qqpets.com\/product\/dog-blanket\/#breadcrumb\",\"itemListElement\":[{\"@type\":\"ListItem\",\"position\":1,\"name\":\"Home\",\"item\":\"https:\/\/qqpets.com\/\"},{\"@type\":\"ListItem\",\"position\":2,\"name\":\"Products\",\"item\":\"https:\/\/qqpets.com\/pet-products-manufacturer\/\"},{\"@type\":\"ListItem\",\"position\":3,\"name\":\"Dog Blanket\"}]},{\"@type\":\"WebSite\",\"@id\":\"https:\/\/qqpets.com\/#website\",\"url\":\"https:\/\/qqpets.com\/\",\"name\":\"QQPETS\",\"description\":\"QQPETS is a pet products factory for dog harnesses, dog collars, dog leashes and dog accessories with professional customized service since 2005.\",\"publisher\":{\"@id\":\"https:\/\/qqpets.com\/#organization\"},\"potentialAction\":[{\"@type\":\"SearchAction\",\"target\":{\"@type\":\"EntryPoint\",\"urlTemplate\":\"https:\/\/qqpets.com\/?s={search_term_string}\"},\"query-input\":{\"@type\":\"PropertyValueSpecification\",\"valueRequired\":true,\"valueName\":\"search_term_string\"}}],\"inLanguage\":\"sl-SI\"},{\"@type\":\"Organization\",\"@id\":\"https:\/\/qqpets.com\/#organization\",\"name\":\"QQPETS\",\"url\":\"https:\/\/qqpets.com\/\",\"logo\":{\"@type\":\"ImageObject\",\"inLanguage\":\"sl-SI\",\"@id\":\"https:\/\/qqpets.com\/#\/schema\/logo\/image\/\",\"url\":\"https:\/\/qqpets.com\/wp-content\/uploads\/2023\/09\/cropped-cropped-qqpets-tiktok.jpg\",\"contentUrl\":\"https:\/\/qqpets.com\/wp-content\/uploads\/2023\/09\/cropped-cropped-qqpets-tiktok.jpg\",\"width\":511,\"height\":511,\"caption\":\"QQPETS\"},\"image\":{\"@id\":\"https:\/\/qqpets.com\/#\/schema\/logo\/image\/\"},\"sameAs\":[\"https:\/\/www.facebook.com\/QQpetsdogcollars\",\"https:\/\/www.instagram.com\/qqpetscollar\/\",\"https:\/\/www.pinterest.com\/qqpetsdogcollarsfactory\/\"]}]}<\/script>\n<!-- \/ Yoast SEO plugin. -->","yoast_head_json":{"title":"Pasja odeja | QQPETS","description":"Mehka in trpe\u017ena odeja za pse, kot nala\u0161\u010d za udobje in toploto. Prilagodljiva z logotipi ali vzorci za stranke B2B, idealna za blagovne znamke in linije izdelkov za hi\u0161ne \u017eivali.","robots":{"index":"index","follow":"follow","max-snippet":"max-snippet:-1","max-image-preview":"max-image-preview:large","max-video-preview":"max-video-preview:-1"},"canonical":"https:\/\/qqpets.com\/sl\/izdelek\/dog-blanket\/","og_locale":"sl_SI","og_type":"article","og_title":"Dog Blanket | QQPETS","og_description":"Soft and durable dog blanket, perfect for comfort and warmth. Customizable with logos or patterns for B2B clients, ideal for branding and pet product lines.","og_url":"https:\/\/qqpets.com\/sl\/izdelek\/dog-blanket\/","og_site_name":"QQPETS","article_publisher":"https:\/\/www.facebook.com\/QQpetsdogcollars","og_image":[{"width":1080,"height":1080,"url":"https:\/\/qqpets.com\/wp-content\/uploads\/2024\/12\/Dog-Blanket3.webp","type":"image\/webp"}],"twitter_card":"summary_large_image","twitter_misc":{"Est. reading time":"2 minuti"},"schema":{"@context":"https:\/\/schema.org","@graph":[{"@type":"WebPage","@id":"https:\/\/qqpets.com\/product\/dog-blanket\/","url":"https:\/\/qqpets.com\/product\/dog-blanket\/","name":"Pasja odeja | QQPETS","isPartOf":{"@id":"https:\/\/qqpets.com\/#website"},"primaryImageOfPage":{"@id":"https:\/\/qqpets.com\/product\/dog-blanket\/#primaryimage"},"image":{"@id":"https:\/\/qqpets.com\/product\/dog-blanket\/#primaryimage"},"thumbnailUrl":"https:\/\/qqpets.com\/wp-content\/uploads\/2024\/12\/Dog-Blanket3.webp","datePublished":"2024-12-13T08:44:56+00:00","description":"Mehka in trpe\u017ena odeja za pse, kot nala\u0161\u010d za udobje in toploto. Prilagodljiva z logotipi ali vzorci za stranke B2B, idealna za blagovne znamke in linije izdelkov za hi\u0161ne \u017eivali.","breadcrumb":{"@id":"https:\/\/qqpets.com\/product\/dog-blanket\/#breadcrumb"},"inLanguage":"sl-SI","potentialAction":[{"@type":"ReadAction","target":["https:\/\/qqpets.com\/product\/dog-blanket\/"]}]},{"@type":"ImageObject","inLanguage":"sl-SI","@id":"https:\/\/qqpets.com\/product\/dog-blanket\/#primaryimage","url":"https:\/\/qqpets.com\/wp-content\/uploads\/2024\/12\/Dog-Blanket3.webp","contentUrl":"https:\/\/qqpets.com\/wp-content\/uploads\/2024\/12\/Dog-Blanket3.webp","width":1080,"height":1080},{"@type":"BreadcrumbList","@id":"https:\/\/qqpets.com\/product\/dog-blanket\/#breadcrumb","itemListElement":[{"@type":"ListItem","position":1,"name":"Home","item":"https:\/\/qqpets.com\/"},{"@type":"ListItem","position":2,"name":"Products","item":"https:\/\/qqpets.com\/pet-products-manufacturer\/"},{"@type":"ListItem","position":3,"name":"Dog Blanket"}]},{"@type":"WebSite","@id":"https:\/\/qqpets.com\/#website","url":"https:\/\/qqpets.com\/","name":"QQPETS","description":"QQPETS je tovarna izdelkov za hi\u0161ne ljubljen\u010dke za pasje postroje, pasje ovratnice, pasje povodce in pasje dodatke s strokovno prilagojeno storitvijo od leta 2005.","publisher":{"@id":"https:\/\/qqpets.com\/#organization"},"potentialAction":[{"@type":"SearchAction","target":{"@type":"EntryPoint","urlTemplate":"https:\/\/qqpets.com\/?s={search_term_string}"},"query-input":{"@type":"PropertyValueSpecification","valueRequired":true,"valueName":"search_term_string"}}],"inLanguage":"sl-SI"},{"@type":"Organization","@id":"https:\/\/qqpets.com\/#organization","name":"QQPETS","url":"https:\/\/qqpets.com\/","logo":{"@type":"ImageObject","inLanguage":"sl-SI","@id":"https:\/\/qqpets.com\/#\/schema\/logo\/image\/","url":"https:\/\/qqpets.com\/wp-content\/uploads\/2023\/09\/cropped-cropped-qqpets-tiktok.jpg","contentUrl":"https:\/\/qqpets.com\/wp-content\/uploads\/2023\/09\/cropped-cropped-qqpets-tiktok.jpg","width":511,"height":511,"caption":"QQPETS"},"image":{"@id":"https:\/\/qqpets.com\/#\/schema\/logo\/image\/"},"sameAs":["https:\/\/www.facebook.com\/QQpetsdogcollars","https:\/\/www.instagram.com\/qqpetscollar\/","https:\/\/www.pinterest.com\/qqpetsdogcollarsfactory\/"]}]}},"_links":{"self":[{"href":"https:\/\/qqpets.com\/sl\/wp-json\/wp\/v2\/product\/9695","targetHints":{"allow":["GET"]}}],"collection":[{"href":"https:\/\/qqpets.com\/sl\/wp-json\/wp\/v2\/product"}],"about":[{"href":"https:\/\/qqpets.com\/sl\/wp-json\/wp\/v2\/types\/product"}],"wp:featuredmedia":[{"embeddable":true,"href":"https:\/\/qqpets.com\/sl\/wp-json\/wp\/v2\/media\/9699"}],"wp:attachment":[{"href":"https:\/\/qqpets.com\/sl\/wp-json\/wp\/v2\/media?parent=9695"}],"wp:term":[{"taxonomy":"product_brand","embeddable":true,"href":"https:\/\/qqpets.com\/sl\/wp-json\/wp\/v2\/product_brand?post=9695"},{"taxonomy":"product_cat","embeddable":true,"href":"https:\/\/qqpets.com\/sl\/wp-json\/wp\/v2\/product_cat?post=9695"},{"taxonomy":"product_tag","embeddable":true,"href":"https:\/\/qqpets.com\/sl\/wp-json\/wp\/v2\/product_tag?post=9695"}],"curies":[{"name":"wp","href":"https:\/\/api.w.org\/{rel}","templated":true}]}}